{"id":1026,"date":"2018-05-03T23:07:13","date_gmt":"2018-05-03T21:07:13","guid":{"rendered":"https:\/\/ulrikebuhl.com\/?page_id=1026"},"modified":"2026-04-06T18:24:02","modified_gmt":"2026-04-06T16:24:02","slug":"biography","status":"publish","type":"page","link":"https:\/\/ulrikebuhl.com\/en\/biography\/","title":{"rendered":"Biography"},"content":{"rendered":"<p>CV<\/p>\n<p><span style=\"letter-spacing: 0.4px;\"><br \/>\nUlrike Buhl lives and works between Berlin and the M\u00fcnsterland region of Germany<\/span><\/p>\n<div>\n<p><span lang=\"EN-US\">Ulrike Buhl develops sculptures, reliefs, collages, and site-specific installations in which form becomes perceptible as a result of force and tension. Her distinctive artistic language combines organic qualities with technological precision, exploring the interplay between nature and construction, micro- and macrocosm, as well as material and energy. Through experimental processes with diverse, sometimes technoid materials, she creates works that do not exist as static objects but as condensed states of movement, transformation, and stored energy.<\/span><\/p>\n<\/div>\n<div>\n<p data-start=\"617\" data-end=\"957\"><span lang=\"EN-US\">Buhl\u2019s work follows a consistent principle: form is the expression of real forces and becomes visible as a dynamic, relational configuration of matter, space, and tension. Her poetically precise visual language oscillates between control and chance, beauty and disruption, opening new perspectives on the perception of change and reality.<\/span><\/p>\n<\/div>\n<div>\n<p data-start=\"959\" data-end=\"1661\"><span lang=\"EN-US\">Her works have been shown consistently in institutions both in Germany and abroad, including the Kunstmuseum Ahlen, Museum Kunstpalast D\u00fcsseldorf, Museum f\u00fcr Lackkunst M\u00fcnster, the Gallery Festival Curated by in Vienna, and various art associations. In recent years, her practice has increasingly shifted toward large-scale, site-specific installations that respond deliberately to the architecture and history of the spaces they occupy. A notable work is the installation <em data-start=\"1432\" data-end=\"1451\">Zwischenweltort<\/em><span class=\"apple-converted-space\">\u00a0<\/span>at Kunstmuseum Ahlen (2024), in which she stages a sensitive dialogue of space, condensation, and dissolution, translating themes such as abyss, terror, light, and vitality into a tension-rich configuration.<\/span><\/p>\n<\/div>\n<div>\n<p data-start=\"1663\" data-end=\"1821\"><span lang=\"EN-US\">Her works are held in public and private collections, including the Kunstmuseum Ahlen, Ahlen, Germany, Museum f\u00fcr Lackkunst M\u00fcnster, Germany and the Harvest Art Collection, Berlin.<\/span><\/p>\n<\/div>\n<p>&nbsp;<\/p>\n<p><strong>GRANTS &amp; RESIDENCIES<\/strong><\/p>\n<p>2025 \u00a0 Artist Residency, CCA Andratx, Mallorca, Spain<br \/>\n2020 \u00a0 Artist Grant, Senate for Culture and Europe, Berlin, Germany<br \/>\n2014 \u00a0 Artist Residency, Kunstort Lehnin, Kloster Lehnin, Germany<\/p>\n<p>&nbsp;<\/p>\n<p><strong>SELECTED SOLO &amp; TWO PERSON EXHIBITIONS\u00a0<\/strong><\/p>\n<h4><b>2025<\/b><\/h4>\n<p><em>LICHTEN,<\/em> with Anja Billing, artklub, Bonn, Germany<br \/>\n<em>SKINNED LIGHT, <\/em>with Franck Miltgen \/ LAGE EGAL, Brussels, Belgium<\/p>\n<h4><b>2024<\/b><\/h4>\n<p><em>Im Nachtmeer Sonne tr\u00e4umen<\/em>, Kunstverein Kunst-im-Turm, Lippstadt, Germany<br \/>\n<em>out of matter<\/em>, with Michael Burges, Galerie Troner, D\u00fcsseldorf, Germany<br \/>\n<em>SWASH<\/em>, Kunstverein Bad Nauheim, Bad Nauheim, Germany<\/p>\n<h4><b>2023<\/b><\/h4>\n<p><em>catch and release<\/em>, Kunstverein Schwetzingen, Schwetzingen, Germany (C)<br \/>\n<em>Relations<\/em>, Galerie Troner, D\u00fcsseldorf, Germany<br \/>\n<em>Celebration<\/em>, with Annedore Dietze, Kunstverein Gera, Gera, Germany<\/p>\n<h4>2022<\/h4>\n<p><em>Verbindungen<\/em>, Kunstverein G\u00fctersloh, G\u00fctersloh, Germany<br \/>\n<b style=\"font-family: Helvetica, Arial, sans-serif; letter-spacing: 0.4px;\"><br \/>\n2021<br \/>\n<\/b><b style=\"font-family: Helvetica, Arial, sans-serif; letter-spacing: 0.4px;\"><\/b><em>Aus der Schw\u00e4rze Glanz sch\u00e4len<\/em> \/ Still no Masterplan, Sassenberg, Germany<\/p>\n<h4><b>2020<\/b><\/h4>\n<p><em>CLASH<\/em>, with Frank Gillich, Kunstverein G\u00fctersloh, G\u00fctersloh, Germany<\/p>\n<h4><strong>2019<\/strong><\/h4>\n<p><em>NEXUS<\/em>, Donopoulos International Fine Arts, Thessaloniki, Greece<br \/>\n<span style=\"letter-spacing: 0.4px;\"><em>Ulrike Buhl and Stefan Schiek, <\/em>Galerie Tobias Schrade, Ulm, Germany<br \/>\n<i>Twist<\/i>, with Chris Doulgeris, MEME Gallery, Athens, Greece<br \/>\n<\/span><\/p>\n<h4><strong>2018<\/strong><\/h4>\n<p><em>es war &#8211; es ist &#8211; es wird, <\/em>Kunstverein Virtuell-Visuell, Dorsten, Germany<br \/>\n<span style=\"letter-spacing: 0.4px;\"><em>Der Schein tr\u00fcgt, <\/em>with Sabine Dehnel, Galerie Schmalfuss, Berlin, Germany<\/span><br \/>\n<b><\/b><\/p>\n<h4><strong>2017<\/strong><\/h4>\n<p><em>Ulrike Buhl \u2013 Skulpturen,<\/em> Museum f\u00fcr Lackkunst, M\u00fcnster, Germany (C)<br \/>\n<i>I Need You to Elevate Me Here<\/i>, with Uzma Sultan, Kunst im Tauthaus, Berlin, Germany<\/p>\n<h4><b>2016<\/b><\/h4>\n<p><em>Dem Staub ein Gegengewicht,<\/em> Kunstverein Sch\u00f6ningen, Sch\u00f6ningen, Germany<\/p>\n<h4><b>2014<\/b><\/h4>\n<p><em>Implosionen \u2013 Im Bereich der Kr\u00e4fte, <\/em>Kunstverein Greven, Greven, Germany (C)<\/p>\n<h4><b>2013<\/b><\/h4>\n<p><em>Kein Ende ohne Anfang<\/em>, dat-Galerie, Berlin, Germany<\/p>\n<h4><b>2012<\/b><\/h4>\n<p><em>Lichtgew\u00e4chse, <\/em>with Rosmarie Schauer, Galerie Versen, Bad Aibling, Germany<\/p>\n<h4><b>2011<\/b><\/h4>\n<p><em>Entwachsen<\/em>, with Rosmarie Schauer, Galerie Versen, Bad Aibling, Germany<\/p>\n<h4><b>2010\u00a0<\/b><\/h4>\n<p><em>von Mal zu Mal<\/em>, Gutshaus Steglitz, Berlin, Germany<br \/>\n<span style=\"letter-spacing: 0.4px;\"><em>schwerelos,<\/em> European Art Company, Badenweiler, Germany<\/span><\/p>\n<h4><b>2008<\/b><\/h4>\n<p><em>Horizonte<\/em>,with Florence Nerisson, Fasanengalerie, Berlin, Germany<br \/>\n<span style=\"letter-spacing: 0.4px;\"><em>Formen, Farben und Fl\u00e4chen, <\/em>Fasanengalerie, Berlin<br \/>\n<\/span><span style=\"letter-spacing: 0.4px;\"><em>was ist, <\/em>with Feodora Hohenlohe, Galerie Friedmann-Hahn, Berlin<\/span><\/p>\n<h4><b>2007<\/b><\/h4>\n<p><em>Die Kraft der inneren Freiheit, <\/em>with Romen Banerjee, Galerie Klaus Lea, Munich, Germany<\/p>\n<p>&nbsp;<\/p>\n<p><b>GROUP EXHIBITIONS (SELECTION)<\/b><\/p>\n<h4><b>2025<\/b><\/h4>\n<p><i>Happy Clouds<\/i>, Polarraum, Hamburg, Germany<br \/>\n<i>Ekbo Art,<\/i> Auction, St. Matth\u00e4us Kirche, Kulturforum Berlin, Berlin<i><br \/>\nVoluntary Art Liaison<\/i>, FoYou, Berlin, Germany<br \/>\n<i>The Big Fatigue<\/i>, Schlachthofgeb\u00e4ude, Berlin, Germany, curated by Grigori Dor, Mascha Naumova, Victoria Rosenmann<br \/>\n<i>Was, wenn es gut l\u00e4uft<\/i>, Raeume Art, Berlin, Germany, curated by Alina Mann<br \/>\n<i>15 Jahre Schau Fenster<\/i>, Schau Fenster, Berlin, Germany<br \/>\n<i>Summer Show<\/i>, Galerie Troner, D\u00fcsseldorf, Germany<br \/>\n<i>Die Gro\u00dfe<\/i>, Museum Kunstpalast, D\u00fcsseldorf, Germany (C)<br \/>\n<i>Gold Rush<\/i>, Atelierhof Kreuzberg, Berlin, Germany<br \/>\n<i>Out There<\/i>, Schau Fenster, Berlin, Germany<br \/>\n<em>Jubil\u00e4umsausstellung, <\/em>Kunstverein Virtuell Visuell, Dorsten, Germany<br \/>\n<i>Gimme Shelter II<\/i>, LAGE EGAL, Brussels, Belgium<br \/>\n<i>True Colors<\/i>, Galerie Tobias Schrade, Ulm, Germany<\/p>\n<h4><b>2024<\/b><\/h4>\n<p><i>Lichtschatten<\/i>, Galerie Troner, D\u00fcsseldorf, Germany<br \/>\n<i>Gl\u00e4nzende Aussichten<\/i>, Museum Villa Rot, Burgrieden, Germany (C)<br \/>\n<i>Reality Check \u2013 Wenn Dinge nicht sind, wie sie scheinen<\/i>, Kunstmuseum Ahlen, Ahlen, Germany (C)<br \/>\n<i>Die Gro\u00dfe \u2013 Das kleine Format<\/i>, Museum Kunstpalast, D\u00fcsseldorf, Germany<br \/>\n<i>Liquid Translation<\/i>, Atelierhof Kreuzberg, Berlin, Germany<br \/>\n<i>In the Digital, Finding the Physical<\/i>, Studio 20, Berlin, Germany<br \/>\n<i>Fr\u00fchlings-Symphonie<\/i>, Galerie Samuelis Baumgarte, Bielefeld, Germany<br \/>\n<i>Skulptur<\/i>, Galerie von Braunbehrens, Stuttgart, Germany<br \/>\n<i>Ashes<\/i>, LAGE EGAL, Berlin, Germany<\/p>\n<h4><b>2023<\/b><\/h4>\n<p><i>Ornament und Verbrechen<\/i>, LAGE EGAL, Berlin, Germany<br \/>\n<i>Shine<\/i>, Kunsthaus Artes, Berlin, Germany<br \/>\n<i>New Positions<\/i>, Galerie Troner, D\u00fcsseldorf, Germany<br \/>\n<i>Full Stop<\/i>, Art Kreuzberg e.V., Berlin, Germany, curated by Inga Krumme<br \/>\n<i>Resonance of the Abstract: From Gesture to Monochromy<\/i>, roam, Berlin, Germany<br \/>\n<i>A4<\/i>, Schau Fenster \u2013 Raum f\u00fcr Kunst, Berlin, Germany<br \/>\n<i>The Soft and the Hard<\/i>, The Showroom, Berlin, Germany, curated by Mascha Naumova and Grigori Dor<br \/>\n<i>Kleine Unikate \u2013 gro\u00dfe Wirkung<\/i>, Galerie Troner, D\u00fcsseldorf, Germany<br \/>\n<i>Apex Predator<\/i>, Kunsthalle Brennabor, Brandenburg, Germany, curated by Vanessa Souli<br \/>\n<i>Die Gro\u00dfe<\/i>, Museum Kunstpalast, D\u00fcsseldorf, Germany (C)<br \/>\n<i>Constellations<\/i>, Galerie Troner, D\u00fcsseldorf, Germany<br \/>\n<i>HumAin \u2013 I Create Therefore I Am<\/i>, Raeume Art, Berlin, Germany, curated by Alina Mann<br \/>\n<i>Abstrakt<\/i>, Galerie Schmalfuss, Marburg, Germany<br \/>\n<i>Get Together<\/i>, BCMA Gallery, Berlin, Germany<br \/>\n<i>Abstrakt<\/i>, Galerie Schmalfuss, Berlin, Germany<\/p>\n<h4><b>2022<\/b><\/h4>\n<p><i>200 unter 2000<\/i>, CSR &#8211; Contemporary Showroom, Berlin, Germany<br \/>\n<i>100 unter 1000<\/i>, Galerie Schindler, Potsdam, Germany, curated by Vanessa Souli<br \/>\n<i>Neue Perspektiven<\/i>, Galerie Troner, D\u00fcsseldorf, Germany<br \/>\n<i>Playtime<\/i>, Inter Art \u2013 Agentur f\u00fcr Kunst, Berlin, Germany<br \/>\n<i>2525<\/i>, Spoiler, Berlin, Germany, curated by Niklas Jeroch<br \/>\n<i>Echos<\/i>, Milchhof, Berlin, Germany, curated by Wiebke Maria Wachmann<\/p>\n<h4><b>2021<\/b><\/h4>\n<p><i>25 Jahre Galerie Tobias Schrade<\/i>, Galerie Tobias Schrade, Ulm, Germany<br \/>\n<i>100 unter 1000<\/i>, Galerie Schindler, Potsdam, Germany, curated by Vanessa Souli<br \/>\n<i>Accrochage<\/i>, Galerie Troner, D\u00fcsseldorf, Germany<br \/>\n<i>Yummi<\/i>, The Showroom, Berlin, Germany, curated by Mascha Naumova and Grigori Dor<br \/>\n<i>Hey!<\/i>, Still no Masterplan, Warendorf, Germany<br \/>\n<i>Lusus Naturae<\/i>, BCMA Gallery, Berlin, Germany, curated by Vanessa Souli<\/p>\n<h4><b>2020<\/b><\/h4>\n<p><i>Hybrids, <\/i>galerieprojektraum viktor bucher, Vienna, Austria, curated by G\u00e9rard A. Goodrow (<em>Curated by \/ <\/em>Gallery Festival)<br \/>\n<i>Mind So Fast Body So Slow<\/i>, berlin weekly, Berlin, Germany<br \/>\n<i>Fifty-Fifty<\/i>, Paul-Fleischmann-Haus, Berlin, Germany<\/p>\n<h4><b>2019<\/b><\/h4>\n<p><i>L\u2019artiste et les commissaires<\/i>, LAGE EGAL, Berlin, Germany<br \/>\n<i>Chimera<\/i>, K\u00fcnstlerhaus Bethanien, Berlin, Germany<br \/>\n<i>Ein Monument f\u00fcr Wolfgang Neuss<\/i>, Haus am L\u00fctzowplatz, Berlin, Germany<br \/>\n<i>Art Athina<\/i>, Donopoulos International Fine Arts, Athens, Greece<br \/>\n<i>Rencontres<\/i>, Schau Fenster \u2013 Raum f\u00fcr Kunst, Berlin, Germany<br \/>\n<i>Looking for Dick<\/i>, Schau Fenster \u2013 Raum f\u00fcr Kunst, Berlin, Germany<\/p>\n<h4><b>2018<\/b><\/h4>\n<p><i>\u00dcber Malerei<\/i>, Galerie Axel Obiger, Berlin, Germany<br \/>\n<i>Framed Shit<\/i>, Bar Babette, Berlin, Germany, curated by Claudio Wichert<br \/>\n<i>Wir nennen es Arbeit<\/i>, guest exhibition by Galleria Opere Scelte, <em>Botschaft<\/em>, Berlin, Germany<br \/>\n<i>Art Karlsruhe<\/i>, Galerie Anja Knoess, Karlsruhe, Germany (C)<\/p>\n<h4><b>2017<\/b><\/h4>\n<p><i>Blitzeis II<\/i>, Galerie Anja Knoess, Cologne, Germany<br \/>\n<i>Wir nennen es Arbeit<\/i>, Galleria Opere Scelte, Turin, Italy, curated by Jan Muche<br \/>\n<i>Elevation \u2013 In den Tiefen der Oberfl\u00e4che<\/i>, Kunstverein KISS, Untergr\u00f6ningen, Germany<br \/>\n<i>Bright<\/i>, Galerie Anja Knoess, Cologne, Germany<br \/>\n<i>Cosmic Laughter<\/i>, Bar Babette, Berlin, Germany, curated by Claudio Wichert<br \/>\n<i>Rausch<\/i>, Schau Fenster \u2013 Raum f\u00fcr Kunst, Berlin, Germany<\/p>\n<h4><b>2016<\/b><\/h4>\n<p><i>Blitzeis \u2013 Accrochage<\/i>, Galerie Anja Knoess, Cologne, Germany<br \/>\n<i>Polymorph: Amorph<\/i>, Kommunale Galerie Berlin, Berlin, Germany<br \/>\n<i>Transhuman Motivation<\/i>, Kreuzberg Pavillon, Berlin, Germany<br \/>\n<i>A Rose Is a Rose<\/i>, Desert Flower Center, Berlin, Germany<br \/>\n<i>Thermik<\/i>, Kunsthalle m3, Berlin, Germany<br \/>\n<i>Die Geschichte hat einen Fehler: zu viele Erz\u00e4hler<\/i>, Kunstverein G\u00fctersloh, G\u00fctersloh, Germany<br \/>\n<i>Pull Your Own Weight<\/i>, Kreuzberg Pavillon, Berlin, Germany<br \/>\n<i>No Limits oder Acht Kapitel Weg<\/i>, Landesvertretung Baden-W\u00fcrttemberg, Berlin, Germany<br \/>\n<i>They Don\u2019t Think in Time \u2013 We Don\u2019t Think in History<\/i>, Kreuzberg Pavillon, Berlin, Germany<br \/>\n<i>Rund<\/i>, Kunstraum F200, Berlin, Germany (C)<\/p>\n<h4><b>2015\u00a0<\/b><\/h4>\n<p><i>The Artist as Curators Art Vol. V<\/i>, Schau Fenster \u2013 Raum f\u00fcr Kunst, Berlin, Germany<br \/>\n<i>There Is Never a Stop and Never a Finish<\/i>, Kreuzberg Pavillon, Berlin, Germany<br \/>\n<i>Recordless Release Party<\/i>, echo echo, Berlin, Germany<br \/>\n<i>Fathoms<\/i>, Kino International, Berlin, Germany, curated by Christopher Winter<br \/>\n<i>Profilia<\/i>, Art Auction, M\u00fcnster, Germany<br \/>\n<i>Freiflug<\/i>, Galerie Root, Berlin, Germany<br \/>\n<i>Ulrike Buhl \u2013 Georg Jansen<\/i>, Galerie artlet, M\u00fcnster, Germany<br \/>\n<i>The Black and White Key<\/i>, Schau Fenster \u2013 Raum f\u00fcr Kunst, Berlin, Germany<br \/>\n<i>Exhibition, auction preview, <\/i>organized by Sotheby&#8217;s, Semperdepot, Vienna, Austria (C)<\/p>\n<h4><b>2014\u00a0<\/b><\/h4>\n<p><i>Sommerfrische<\/i>, Galerie Hovestadt, Nottuln, Germany<br \/>\n<i>Ulrike Buhl \u2013 Patrick Kaufmann<\/i>, Galerie Blaue Stunde, Berlin, Germany<\/p>\n<h4><b>2013\u00a0<\/b><\/h4>\n<p><i>Accrochage: Form, Farbe und Struktur<\/i>, Galerie Hovestadt, Nottuln, Germany<br \/>\n<i>Art Kreuzberg<\/i>, F 40, Berlin, Germany<br \/>\n<i>Summer Group Show<\/i>, Geoff Stern Art Space, Berlin, Germany<br \/>\n<i>Mountains<\/i>, Galerie Voigt, Nuremberg, Germany<br \/>\n<i>Art Karlsruhe<\/i>, Galerie Samuelis Baumgarte, Karlsruhe, Germany (C)<br \/>\n<i>Harvest Art Collection<\/i>, Waldorf Astoria Berlin, Berlin, Germany (C)<br \/>\n<i>Elemente Schwerkraft Gleichgewicht \u2013 40 Skulpturale Positionen<\/i>, Galerie Flierl, Berlin, Germany<\/p>\n<h4><b>2012<\/b><\/h4>\n<p><i>European Sculpture: Methods \u2013 Materials \u2013 Poetry<\/i>, Edsvik Konsthall, Sollentuna, Sweden (C)<br \/>\n<i>Mal so, mal so<\/i>, Gallery Weekend Berlin, Berlin, Germany<br \/>\n<i>Artist Night<\/i>, King Size, Berlin, Germany<br \/>\n<i>Long Night of Museums<\/i>, Gerichtsh\u00f6fe, Berlin, Germany<br \/>\n<i>Streiflichter<\/i>, Galerie Versen, Bad Aibling, Germany<br \/>\n<i>Art from Berlin<\/i>, Basel Basement, Basel, Switzerland<\/p>\n<h4><b>2011\u00a0<\/b><\/h4>\n<p><i>Goldene Stra\u00dfe<\/i>, Stadtmuseum Nabburg, Nabburg, Germany<br \/>\n<i>Leistungsschau<\/i>, Kunsthalle am Hamburger Platz, Berlin, Germany<br \/>\n<i>Group Exhibition<\/i>, Czech Radio, Pilsen, Czech Republic<br \/>\n<i>Long Night of Museums<\/i>, Gerichtsh\u00f6fe, Berlin, Germany<br \/>\n<i>Neuk\u00f6llner H\u00e4ngung<\/i>, Galerie Michaela Helfrich, Berlin, Germany<\/p>\n<h4><b>2010<\/b><\/h4>\n<p><i>Allure of the Seas<\/i>, Sculpture Garden, RCCL, Miami, USA (C)<br \/>\n<i>Art Auction<\/i>, Rotary Club, Munich, Germany (C)<br \/>\n<i>Auction Round Table 5<\/i>, Deutsche Bank, Berlin, Germany (C)<br \/>\n<i>European Sculpture: Difference and Diversity in Practice<\/i>, Nave Gallery, Turin, Italy (C)<br \/>\n<i>Bild-Paare<\/i>, Genthiner 11, Berlin, Germany<br \/>\n<i>Goldene Stra\u00dfe, Kraftscher Hof, Nuremberg<br \/>\nGoldene Stra\u00dfe<\/i>, Marienbad (Mari\u00e1nsk\u00e9 L\u00e1zn\u011b), Czech Republic<br \/>\n<i>Goldene Stra\u00dfe, <\/i>Deutsches Knopfmuseum, B\u00e4rnau, Germany<br \/>\n<i>Goldene Stra\u00dfe, <\/i>Galerie St. Johann, Pfatter near Regensburg, Germany<br \/>\n<i>Goldene Stra\u00dfe, <\/i>Bor Castle, Bor, Czech Republic<br \/>\n<i>Goldene Stra\u00dfe, <\/i>Wernberg Castle (Burg Wernberg), Wernberg-K\u00f6blitz, Germany<br \/>\n<i>Goldene Stra\u00dfe<\/i>, Stadtmuseum Amberg, Amberg, Germany<br \/>\n<i>Long Night of Museums<\/i>, Gerichtsh\u00f6fe, Berlin, Germany<br \/>\n<i>Art Goes Public<\/i>, Galerie Kuhn &amp; Partner, Berlin, Germany<\/p>\n<h4><b>2009<\/b><\/h4>\n<p><i>Auction Round Table 5<\/i>, Deutsche Bank, Berlin, Germany (C)<br \/>\n<i>Art Auction<\/i>, Rotary Club, Munich, Germany (C)<br \/>\n<i>Artists of the Gallery<\/i>, European Art Gallery, Badenweiler, Germany<br \/>\n<i>6th Berlin Art Salon<\/i>, Berlin, Germany (C)<br \/>\n<i>Auction Round Table 5<\/i>, Essen, Germany (C)<br \/>\n<i>Long Night of Museums<\/i>, Gerichtsh\u00f6fe, Berlin, Germany<br \/>\n<i>Gro\u00dfes Lauschen<\/i>, Blau-Weiss, Berlin, Germany<br \/>\n<i>Perspektiven 09<\/i>, Galerie Friedmann-Hahn, Berlin, Germany<br \/>\n<i>Auction<\/i>, European Art Company, Badenweiler, Germany<\/p>\n<h4><b>2008\u00a0 \u00a0 \u00a0 \u00a0<\/b><\/h4>\n<p><i>Auction Round Table 5<\/i>, Galerie Jarmuschek &amp; Partner, Berlin, Germany (C)<br \/>\n<i>Group Exhibition<\/i>, Galerie Voigt, Nuremberg, Germany<br \/>\n<i>Long Night of Museums<\/i>, Gerichtsh\u00f6fe, Berlin, Germany<br \/>\n<i>Tenebrae<\/i>, Blau-Weiss, Berlin, Germany<\/p>\n<h4><b>2007 \u00a0<\/b><\/h4>\n<p><i>Kunst-Winter<\/i>, Berlin Fine Art, Berlin, Germany<br \/>\n<i>Auction Round Table 5<\/i>, Deutsche Bank, Berlin, Germany (C)<br \/>\n<i>Accrochage \u2013 Das kleine Format<\/i>, Galerie Voigt, Nuremberg, Germany<br \/>\n<i>Kunstherbst<\/i>, Berlin Fine Art, Berlin, Germany<br \/>\n<i>Free as the Wind<\/i>, Galerie Friendly Society, Berlin, Germany<br \/>\n<i>Long Night of Museums<\/i>, Gerichtsh\u00f6fe, Berlin, Germany<\/p>\n<h4><b>2006 \u00a0<\/b><\/h4>\n<p><i>Auction Round Table 5<\/i>, Deutsche Bank, Berlin, Germany (C)<br \/>\n<i>Artists of the Gallery<\/i>, Galerie Friendly Society, Berlin, Germany<br \/>\n<i>Long Night of Museums<\/i>, Gerichtsh\u00f6fe, Berlin, Germany<br \/>\n<i>Ars Contemplativa<\/i>, Scala Basel, Basel, Switzerland<\/p>\n<h4><b>2005<\/b><\/h4>\n<p><i>Werkschau<\/i>, BLO-Ateliers, Berlin, Germany<br \/>\n<i>Fr\u00fchlingserwachen<\/i>, Zauberberg, Frankfurt, Germany<\/p>\n<h4><b>2004<\/b><\/h4>\n<p><i>Werkschau<\/i>, BLO-Ateliers, Berlin, Germany<\/p>\n<p><span style=\"letter-spacing: 0.4px;\">(C = Catalog)<\/span><\/p>\n<p>&nbsp;<\/p>\n<p><strong>PUBLICATIONS AND CATALOGUES (SELECTION) \u00a0\u00a0<\/strong><\/p>\n<h4><b>2025<\/b><\/h4>\n<p><i><em data-start=\"1247\" data-end=\"1290\">Die Gro\u00dfe Kunstausstellung NRW D\u00fcsseldorf<\/em>, <\/i>exhibition catalogue, Museum Kunstpalast, D\u00fcsseldorf, Germany<i><br \/>\nEKBO ART<\/i>, auction catalogue, EKBO ART, Berlin, Germany<br \/>\n<em>Face: The Berlin Art Scene<\/em>, Dale Grant, publication featuring Ulrike Buhl, edited by Larissa Kikol, Benjamin Wolbergs, Kerber Verlag, Berlin, Germany<\/p>\n<p><b>2024<br \/>\n<\/b><i>Reality Check \u2013 wenn Dinge nicht sind wie sie scheinen<\/i>, exhibition catalogue, Kunstmuseum Ahlen, Ahlen, Germany<br \/>\n<i>Gl\u00e4nzende Aussichten<\/i>, museum publication, Museum Villa Rot, Burgrieden, Germany<br \/>\n<em>2010 &#8211; 2023<\/em>, exhibition catalogue, Kunstverein Gera, Gera, Germany<\/p>\n<p><b>2023<\/b><br \/>\n<i>Ulrike Buhl \u2013 Catch and Release<\/i>, artist monograph \/ exhibition publication, Kunstverein Schwetzingen, Schwetzingen, Germany<br \/>\n<i>Ulrike Buhl \u2013 Nexus<\/i>, artist monograph \/ artist publication, Atelier Ulrike Buhl, Berlin, Germany<br \/>\n<em data-start=\"1247\" data-end=\"1290\">Die Gro\u00dfe Kunstausstellung NRW D\u00fcsseldorf<\/em>, exhibition catalogue, Museum Kunstpalast, D\u00fcsseldorf, Germany<\/p>\n<p><b>2017<\/b><br \/>\n<i>Ulrike Buhl \u2013 Sculptures<\/i>, museum publication, Museum f\u00fcr Lackkunst, M\u00fcnster, Germany<br \/>\n<i>Made in Berlin 2017<\/i>, exhibition catalogue, edited by Javier Ram\u00edrez, Berlin, Germany<\/p>\n<p><b>2015<\/b><br \/>\nCharity Art Auction, auction catalogue, Sotheby\u2019s, Vienna, Austria<\/p>\n<p><b>2014<\/b><br \/>\n<i>Ulrike Buhl \u2013 Implosionen: Im Bereich der Kr\u00e4fte<\/i>, exhibition publication, Kunstverein Greven, Greven, Germany<\/p>\n<p><b>2013<\/b><br \/>\n<i>Harvest Art Collection,<\/i> Corporate art publication, Zoofenster \/ Swan Operations, Abu Dhabi, United Arab Emirates<\/p>\n<p><b>2012<\/b><br \/>\n<i>Ulrike Buhl \u2013 Sculptures<\/i>, artist monograph \/ artist publication, Atelier Ulrike Buhl, Berlin, Germany<br \/>\n<i>European Sculpture: Methods \u2013 Materials \u2013 Poetry<\/i>, exhibition catalogue, Edsvik Konsthall, Sollentuna, Sweden<\/p>\n<p><b>2011<\/b><br \/>\nArt Auction, auction catalogue, Round Table 5, Berlin, Germany<br \/>\nCharity Art Auction, auction catalogue, Rotary Club Munich International, Munich, Germany<\/p>\n<p><b>2010<\/b><br \/>\n<i>Wonderbook<\/i>, exhibition catalogue, ICART Miami, Miami, FL, US<br \/>\n<i>European Sculpture: Diversity and Difference in Practice<\/i>, exhibition catalogue, Martini Arte, Grugliasco, Italy<br \/>\n\u201cVon Mal zu Mal,\u201d Newspaper article, District Newspaper Steglitz\u2013Zehlendorf, Berlin, Germany<br \/>\n\u201cKunst von Ulrike Buhl aus Berlin,\u201d Newspaper article, <i>Badische Zeitung<\/i>. Freiburg, Germany<br \/>\nArt Auction, auction catalogue, Round Table 5, Berlin, Germany<br \/>\nCharity Art Auction, auction catalogue, Rotary Club Munich International, Munich, Germany<\/p>\n<p><b>2009<\/b><br \/>\n<i>6th Berlin Art Salon<\/i>, catalogue, Berlin, Germany<br \/>\n\u201cGro\u00dfes Lauschen,\u201d magazine article, <i>Blau-Weiss Magazine<\/i>, Berlin, Germany<br \/>\nArt Auction, auction catalogue, Round Table 5, Berlin, Germany<br \/>\nCharity Art Auction, auction catalogue, Rotary Club Munich International, Munich, Germany<\/p>\n<p><b>2008<\/b><br \/>\nArt Auction, auction catalogue, Round Table 5, Berlin, Germany<\/p>\n<p><b>2007<br \/>\n<\/b>Art Auction, auction catalogue, Round Table 5, Berlin, Germany<\/p>\n<p><b>2006<br \/>\n<\/b>Art Auction, auction catalogue, Round Table 5, Berlin, Germany<\/p>\n<p>&nbsp;<\/p>\n<p><strong>COLLECTIONS (SELECTION)<\/strong><\/p>\n<p>Kunstmuseum Ahlen, Ahlen, Germany<br \/>\nBertelsmann Foundation, G\u00fctersloh, Germany<br \/>\nMuseum f\u00fcr Lackkunst, M\u00fcnster, Germany<br \/>\n<span style=\"letter-spacing: 0.4px;\">Aida Cruises, (AIDAnova, AIDAprima), Rostock, Germany<br \/>\nCVC Capital Partners, Zurich, Switzerland<\/span><br \/>\n<span style=\"letter-spacing: 0.4px;\">Collection Guth Biasini, Basel, Switzerland<br \/>\nCollection Gleichfeld, Berlin, Germany<br \/>\nHarvest Art Collection, Waldorf Astoria Berlin, Berlin, Germany<br \/>\n<\/span><span style=\"letter-spacing: 0.4px;\">Royal Caribbean International, Miami, FL, US<br \/>\nsimple fact AG, Nuremberg, Germany<br \/>\n<\/span><span style=\"letter-spacing: 0.4px;\">Private Collections in Germany, Austria, Switzerland, Italy, Spain, Greece, South America and the United States\u00a0<\/span><\/p>\n<p>&nbsp;<\/p>\n        <a href=\"https:\/\/ulrikebuhl.com\/wp-content\/uploads\/2026\/03\/Ulrike_Buhl_CV_EN.pdf\" class=\"read-more\" target=\"_blank\">\n            Download        <\/a>\n    \n","protected":false},"excerpt":{"rendered":"<p>CV Ulrike Buhl lives and works between Berlin and the M\u00fcnsterland region of Germany Ulrike Buhl develops sculptures, reliefs, collages, and site-specific installations in which form becomes perceptible as a result of force and tension. Her distinctive artistic language combines organic qualities with technological precision, exploring the interplay between nature and construction, micro- and macrocosm, [&hellip;]<\/p>\n","protected":false},"author":1,"featured_media":0,"parent":0,"menu_order":0,"comment_status":"closed","ping_status":"closed","template":"","meta":[],"acf":[],"_links":{"self":[{"href":"https:\/\/ulrikebuhl.com\/en\/wp-json\/wp\/v2\/pages\/1026"}],"collection":[{"href":"https:\/\/ulrikebuhl.com\/en\/wp-json\/wp\/v2\/pages"}],"about":[{"href":"https:\/\/ulrikebuhl.com\/en\/wp-json\/wp\/v2\/types\/page"}],"author":[{"embeddable":true,"href":"https:\/\/ulrikebuhl.com\/en\/wp-json\/wp\/v2\/users\/1"}],"replies":[{"embeddable":true,"href":"https:\/\/ulrikebuhl.com\/en\/wp-json\/wp\/v2\/comments?post=1026"}],"version-history":[{"count":131,"href":"https:\/\/ulrikebuhl.com\/en\/wp-json\/wp\/v2\/pages\/1026\/revisions"}],"predecessor-version":[{"id":6094,"href":"https:\/\/ulrikebuhl.com\/en\/wp-json\/wp\/v2\/pages\/1026\/revisions\/6094"}],"wp:attachment":[{"href":"https:\/\/ulrikebuhl.com\/en\/wp-json\/wp\/v2\/media?parent=1026"}],"curies":[{"name":"wp","href":"https:\/\/api.w.org\/{rel}","templated":true}]}}